{"id":563,"date":"2017-01-30T13:04:12","date_gmt":"2017-01-30T12:04:12","guid":{"rendered":"http:\/\/www.phillusionniste.com\/?page_id=563"},"modified":"2026-03-13T22:49:13","modified_gmt":"2026-03-13T21:49:13","slug":"hypnose-rennes-hypnotiseur","status":"publish","type":"page","link":"https:\/\/www.phillusionniste.com\/index.php\/hypnose-rennes-hypnotiseur\/","title":{"rendered":"Hypnose"},"content":{"rendered":"<p>Oserez-vous tenter l\u2019exp\u00e9rience de l\u2019hypnose de spectacle et ouvrir les portes de votre subconscient ?<\/p>\n<p>La transe hypnotique est un \u00e9tat naturel de conscience modifi\u00e9e o\u00f9 le r\u00eave fusionne avec la r\u00e9alit\u00e9.<\/p>\n<p>Apr\u00e8s quelques tests pour \u00e9valuer le potentiel des volontaires, les plus r\u00e9ceptifs d\u2019entre vous auront la chance de vivre pleinement des exp\u00e9riences imaginaires totalement insolites.<\/p>\n<p>Oublier un chiffre ou votre pr\u00e9nom, tester le bouton du fou rire, d\u00e9fier la plus haute montagne russe d&rsquo;Europe, parler chinois couramment, arr\u00eater le temps, devenir invisible\u2026 sous hypnose, tout est possible, la seule limite sera votre imagination. Magique, non !?<\/p>\n<p><iframe loading=\"lazy\" title=\"Teaser Hypnose de spectacle\" width=\"750\" height=\"422\" src=\"https:\/\/www.youtube.com\/embed\/T58lf8oPYQk?feature=oembed\" frameborder=\"0\" allow=\"accelerometer; autoplay; clipboard-write; encrypted-media; gyroscope; picture-in-picture\" allowfullscreen><\/iframe><\/p>\n<p><iframe loading=\"lazy\" title=\"Hypnose : extrait de spectacle\" width=\"750\" height=\"422\" src=\"https:\/\/www.youtube.com\/embed\/EOa0axIZmNc?feature=oembed\" frameborder=\"0\" allow=\"accelerometer; autoplay; clipboard-write; encrypted-media; gyroscope; picture-in-picture\" allowfullscreen><\/iframe><\/p>\n\n\n<figure class=\"wp-block-embed is-type-video is-provider-youtube wp-block-embed-youtube wp-embed-aspect-16-9 wp-has-aspect-ratio\"><div class=\"wp-block-embed__wrapper\">\n<iframe loading=\"lazy\" title=\"Hypnose impromptue : extrait de close-up\" width=\"750\" height=\"422\" src=\"https:\/\/www.youtube.com\/embed\/Xv3zOBoMu1o?feature=oembed\" frameborder=\"0\" allow=\"accelerometer; autoplay; clipboard-write; encrypted-media; gyroscope; picture-in-picture\" allowfullscreen><\/iframe>\n<\/div><\/figure>\n","protected":false},"excerpt":{"rendered":"<p>Oserez-vous tenter l\u2019exp\u00e9rience de l\u2019hypnose de spectacle et ouvrir les portes de votre subconscient ? La transe hypnotique est un \u00e9tat naturel de conscience modifi\u00e9e o\u00f9 le r\u00eave fusionne avec la r\u00e9alit\u00e9. Apr\u00e8s quelques tests pour \u00e9valuer le potentiel des volontaires, les plus r\u00e9ceptifs d\u2019entre vous auront la chance de[&#8230;]<\/p>\n","protected":false},"author":1,"featured_media":744,"parent":0,"menu_order":0,"comment_status":"closed","ping_status":"closed","template":"","meta":{"footnotes":""},"class_list":["post-563","page","type-page","status-publish","has-post-thumbnail","hentry"],"yoast_head":"<!-- This site is optimized with the Yoast SEO plugin v27.6 - https:\/\/yoast.com\/product\/yoast-seo-wordpress\/ -->\n<title>magicien mentaliste hypnotiseur Rennes Bretagne ille et vilane<\/title>\n<meta name=\"description\" content=\"Magicien \u00e0 Rennes et en Bretagne, Phil l&#039;illusionniste vous propose diff\u00e9rentes prestations : close-up, mentalisme, hypnose, spectacles...\" \/>\n<meta name=\"robots\" content=\"index, follow, max-snippet:-1, max-image-preview:large, max-video-preview:-1\" \/>\n<link rel=\"canonical\" href=\"https:\/\/www.phillusionniste.com\/index.php\/hypnose-rennes-hypnotiseur\/\" \/>\n<meta property=\"og:locale\" content=\"fr_FR\" \/>\n<meta property=\"og:type\" content=\"article\" \/>\n<meta property=\"og:title\" content=\"magicien mentaliste hypnotiseur Rennes Bretagne ille et vilane\" \/>\n<meta property=\"og:description\" content=\"Magicien \u00e0 Rennes et en Bretagne, Phil l&#039;illusionniste vous propose diff\u00e9rentes prestations : close-up, mentalisme, hypnose, spectacles...\" \/>\n<meta property=\"og:url\" content=\"https:\/\/www.phillusionniste.com\/index.php\/hypnose-rennes-hypnotiseur\/\" \/>\n<meta property=\"og:site_name\" content=\"Phil l&#039;illusionniste\" \/>\n<meta property=\"article:modified_time\" content=\"2026-03-13T21:49:13+00:00\" \/>\n<meta property=\"og:image\" content=\"https:\/\/www.phillusionniste.com\/wp-content\/uploads\/2017\/01\/15146916_10154825167949274_75017486_o.jpg\" \/>\n\t<meta property=\"og:image:width\" content=\"2048\" \/>\n\t<meta property=\"og:image:height\" content=\"1536\" \/>\n\t<meta property=\"og:image:type\" content=\"image\/jpeg\" \/>\n<meta name=\"twitter:card\" content=\"summary_large_image\" \/>\n<meta name=\"twitter:label1\" content=\"Dur\u00e9e de lecture estim\u00e9e\" \/>\n\t<meta name=\"twitter:data1\" content=\"1 minute\" \/>\n<script type=\"application\/ld+json\" class=\"yoast-schema-graph\">{\"@context\":\"https:\\\/\\\/schema.org\",\"@graph\":[{\"@type\":\"WebPage\",\"@id\":\"https:\\\/\\\/www.phillusionniste.com\\\/index.php\\\/hypnose-rennes-hypnotiseur\\\/\",\"url\":\"https:\\\/\\\/www.phillusionniste.com\\\/index.php\\\/hypnose-rennes-hypnotiseur\\\/\",\"name\":\"magicien mentaliste hypnotiseur Rennes Bretagne ille et vilane\",\"isPartOf\":{\"@id\":\"https:\\\/\\\/www.phillusionniste.com\\\/#website\"},\"primaryImageOfPage\":{\"@id\":\"https:\\\/\\\/www.phillusionniste.com\\\/index.php\\\/hypnose-rennes-hypnotiseur\\\/#primaryimage\"},\"image\":{\"@id\":\"https:\\\/\\\/www.phillusionniste.com\\\/index.php\\\/hypnose-rennes-hypnotiseur\\\/#primaryimage\"},\"thumbnailUrl\":\"https:\\\/\\\/www.phillusionniste.com\\\/wp-content\\\/uploads\\\/2017\\\/01\\\/15146916_10154825167949274_75017486_o.jpg\",\"datePublished\":\"2017-01-30T12:04:12+00:00\",\"dateModified\":\"2026-03-13T21:49:13+00:00\",\"description\":\"Magicien \u00e0 Rennes et en Bretagne, Phil l'illusionniste vous propose diff\u00e9rentes prestations : close-up, mentalisme, hypnose, spectacles...\",\"breadcrumb\":{\"@id\":\"https:\\\/\\\/www.phillusionniste.com\\\/index.php\\\/hypnose-rennes-hypnotiseur\\\/#breadcrumb\"},\"inLanguage\":\"fr-FR\",\"potentialAction\":[{\"@type\":\"ReadAction\",\"target\":[\"https:\\\/\\\/www.phillusionniste.com\\\/index.php\\\/hypnose-rennes-hypnotiseur\\\/\"]}]},{\"@type\":\"ImageObject\",\"inLanguage\":\"fr-FR\",\"@id\":\"https:\\\/\\\/www.phillusionniste.com\\\/index.php\\\/hypnose-rennes-hypnotiseur\\\/#primaryimage\",\"url\":\"https:\\\/\\\/www.phillusionniste.com\\\/wp-content\\\/uploads\\\/2017\\\/01\\\/15146916_10154825167949274_75017486_o.jpg\",\"contentUrl\":\"https:\\\/\\\/www.phillusionniste.com\\\/wp-content\\\/uploads\\\/2017\\\/01\\\/15146916_10154825167949274_75017486_o.jpg\",\"width\":2048,\"height\":1536},{\"@type\":\"BreadcrumbList\",\"@id\":\"https:\\\/\\\/www.phillusionniste.com\\\/index.php\\\/hypnose-rennes-hypnotiseur\\\/#breadcrumb\",\"itemListElement\":[{\"@type\":\"ListItem\",\"position\":1,\"name\":\"Accueil\",\"item\":\"https:\\\/\\\/www.phillusionniste.com\\\/\"},{\"@type\":\"ListItem\",\"position\":2,\"name\":\"Hypnose\"}]},{\"@type\":\"WebSite\",\"@id\":\"https:\\\/\\\/www.phillusionniste.com\\\/#website\",\"url\":\"https:\\\/\\\/www.phillusionniste.com\\\/\",\"name\":\"Phil l&#039;illusionniste\",\"description\":\"L\u2019illusion au service de l\u2019\u00e9motion\",\"potentialAction\":[{\"@type\":\"SearchAction\",\"target\":{\"@type\":\"EntryPoint\",\"urlTemplate\":\"https:\\\/\\\/www.phillusionniste.com\\\/?s={search_term_string}\"},\"query-input\":{\"@type\":\"PropertyValueSpecification\",\"valueRequired\":true,\"valueName\":\"search_term_string\"}}],\"inLanguage\":\"fr-FR\"}]}<\/script>\n<!-- \/ Yoast SEO plugin. -->","yoast_head_json":{"title":"magicien mentaliste hypnotiseur Rennes Bretagne ille et vilane","description":"Magicien \u00e0 Rennes et en Bretagne, Phil l'illusionniste vous propose diff\u00e9rentes prestations : close-up, mentalisme, hypnose, spectacles...","robots":{"index":"index","follow":"follow","max-snippet":"max-snippet:-1","max-image-preview":"max-image-preview:large","max-video-preview":"max-video-preview:-1"},"canonical":"https:\/\/www.phillusionniste.com\/index.php\/hypnose-rennes-hypnotiseur\/","og_locale":"fr_FR","og_type":"article","og_title":"magicien mentaliste hypnotiseur Rennes Bretagne ille et vilane","og_description":"Magicien \u00e0 Rennes et en Bretagne, Phil l'illusionniste vous propose diff\u00e9rentes prestations : close-up, mentalisme, hypnose, spectacles...","og_url":"https:\/\/www.phillusionniste.com\/index.php\/hypnose-rennes-hypnotiseur\/","og_site_name":"Phil l&#039;illusionniste","article_modified_time":"2026-03-13T21:49:13+00:00","og_image":[{"width":2048,"height":1536,"url":"https:\/\/www.phillusionniste.com\/wp-content\/uploads\/2017\/01\/15146916_10154825167949274_75017486_o.jpg","type":"image\/jpeg"}],"twitter_card":"summary_large_image","twitter_misc":{"Dur\u00e9e de lecture estim\u00e9e":"1 minute"},"schema":{"@context":"https:\/\/schema.org","@graph":[{"@type":"WebPage","@id":"https:\/\/www.phillusionniste.com\/index.php\/hypnose-rennes-hypnotiseur\/","url":"https:\/\/www.phillusionniste.com\/index.php\/hypnose-rennes-hypnotiseur\/","name":"magicien mentaliste hypnotiseur Rennes Bretagne ille et vilane","isPartOf":{"@id":"https:\/\/www.phillusionniste.com\/#website"},"primaryImageOfPage":{"@id":"https:\/\/www.phillusionniste.com\/index.php\/hypnose-rennes-hypnotiseur\/#primaryimage"},"image":{"@id":"https:\/\/www.phillusionniste.com\/index.php\/hypnose-rennes-hypnotiseur\/#primaryimage"},"thumbnailUrl":"https:\/\/www.phillusionniste.com\/wp-content\/uploads\/2017\/01\/15146916_10154825167949274_75017486_o.jpg","datePublished":"2017-01-30T12:04:12+00:00","dateModified":"2026-03-13T21:49:13+00:00","description":"Magicien \u00e0 Rennes et en Bretagne, Phil l'illusionniste vous propose diff\u00e9rentes prestations : close-up, mentalisme, hypnose, spectacles...","breadcrumb":{"@id":"https:\/\/www.phillusionniste.com\/index.php\/hypnose-rennes-hypnotiseur\/#breadcrumb"},"inLanguage":"fr-FR","potentialAction":[{"@type":"ReadAction","target":["https:\/\/www.phillusionniste.com\/index.php\/hypnose-rennes-hypnotiseur\/"]}]},{"@type":"ImageObject","inLanguage":"fr-FR","@id":"https:\/\/www.phillusionniste.com\/index.php\/hypnose-rennes-hypnotiseur\/#primaryimage","url":"https:\/\/www.phillusionniste.com\/wp-content\/uploads\/2017\/01\/15146916_10154825167949274_75017486_o.jpg","contentUrl":"https:\/\/www.phillusionniste.com\/wp-content\/uploads\/2017\/01\/15146916_10154825167949274_75017486_o.jpg","width":2048,"height":1536},{"@type":"BreadcrumbList","@id":"https:\/\/www.phillusionniste.com\/index.php\/hypnose-rennes-hypnotiseur\/#breadcrumb","itemListElement":[{"@type":"ListItem","position":1,"name":"Accueil","item":"https:\/\/www.phillusionniste.com\/"},{"@type":"ListItem","position":2,"name":"Hypnose"}]},{"@type":"WebSite","@id":"https:\/\/www.phillusionniste.com\/#website","url":"https:\/\/www.phillusionniste.com\/","name":"Phil l&#039;illusionniste","description":"L\u2019illusion au service de l\u2019\u00e9motion","potentialAction":[{"@type":"SearchAction","target":{"@type":"EntryPoint","urlTemplate":"https:\/\/www.phillusionniste.com\/?s={search_term_string}"},"query-input":{"@type":"PropertyValueSpecification","valueRequired":true,"valueName":"search_term_string"}}],"inLanguage":"fr-FR"}]}},"_links":{"self":[{"href":"https:\/\/www.phillusionniste.com\/index.php\/wp-json\/wp\/v2\/pages\/563","targetHints":{"allow":["GET"]}}],"collection":[{"href":"https:\/\/www.phillusionniste.com\/index.php\/wp-json\/wp\/v2\/pages"}],"about":[{"href":"https:\/\/www.phillusionniste.com\/index.php\/wp-json\/wp\/v2\/types\/page"}],"author":[{"embeddable":true,"href":"https:\/\/www.phillusionniste.com\/index.php\/wp-json\/wp\/v2\/users\/1"}],"replies":[{"embeddable":true,"href":"https:\/\/www.phillusionniste.com\/index.php\/wp-json\/wp\/v2\/comments?post=563"}],"version-history":[{"count":23,"href":"https:\/\/www.phillusionniste.com\/index.php\/wp-json\/wp\/v2\/pages\/563\/revisions"}],"predecessor-version":[{"id":1125,"href":"https:\/\/www.phillusionniste.com\/index.php\/wp-json\/wp\/v2\/pages\/563\/revisions\/1125"}],"wp:featuredmedia":[{"embeddable":true,"href":"https:\/\/www.phillusionniste.com\/index.php\/wp-json\/wp\/v2\/media\/744"}],"wp:attachment":[{"href":"https:\/\/www.phillusionniste.com\/index.php\/wp-json\/wp\/v2\/media?parent=563"}],"curies":[{"name":"wp","href":"https:\/\/api.w.org\/{rel}","templated":true}]}}