{"id":324,"date":"2016-03-05T11:23:55","date_gmt":"2016-03-05T10:23:55","guid":{"rendered":"http:\/\/lariffoulette.com\/?page_id=324"},"modified":"2026-03-13T22:50:02","modified_gmt":"2026-03-13T21:50:02","slug":"mentalisme","status":"publish","type":"page","link":"https:\/\/www.phillusionniste.com\/index.php\/mentalisme\/","title":{"rendered":"Mentalisme"},"content":{"rendered":"<p>Le mentalisme est un art du spectacle qui utilise un m\u00e9lange d\u2019astuces, de psychologie et d\u2019intuition pour recr\u00e9er des ph\u00e9nom\u00e8nes paranormaux comme la lecture de pens\u00e9e ou la pr\u00e9diction de l\u2019avenir.<\/p>\n<p>Bien plus qu&rsquo;une exp\u00e9rience surnaturelle, l&rsquo;artiste utilise surtout ses connaissances sur le langage corporel et les techniques de suggestion pour vous montrer \u00e0 quel point nous sommes tous pr\u00e9visibles et influen\u00e7ables.<\/p>\n<p>Fort de ses exp\u00e9riences en <a href=\"http:\/\/www.phillusionniste.com\/index.php\/hypnose-rennes-hypnotiseur\/\">hypnose<\/a>, PNL et m\u00e9ditation de pleine conscience, le magicien s&rsquo;amuse \u00e0 mettre l&rsquo;accent sur les points forts et les points faibles de notre cerveau pour vous divertir.<\/p>\n<p>V\u00e9ritables miracles ou honn\u00eates trucages, o\u00f9 se trouve la fronti\u00e8re entre la r\u00e9alit\u00e9 et l\u2019illusion\u2026<\/p>\n<p><iframe loading=\"lazy\" title=\"Teaser Spectacle de mentalisme\" width=\"750\" height=\"422\" src=\"https:\/\/www.youtube.com\/embed\/fkQetsFYqG8?feature=oembed\" frameborder=\"0\" allow=\"accelerometer; autoplay; clipboard-write; encrypted-media; gyroscope; picture-in-picture\" allowfullscreen><\/iframe><\/p>\n<p><iframe loading=\"lazy\" width=\"750\" height=\"422\" src=\"https:\/\/www.youtube.com\/embed\/Z4jNjKgxn3I?feature=oembed\" frameborder=\"0\" allow=\"accelerometer; autoplay; clipboard-write; encrypted-media; gyroscope; picture-in-picture\" allowfullscreen><\/iframe><\/p>\n","protected":false},"excerpt":{"rendered":"<p>Le mentalisme est un art du spectacle qui utilise un m\u00e9lange d\u2019astuces, de psychologie et d\u2019intuition pour recr\u00e9er des ph\u00e9nom\u00e8nes paranormaux comme la lecture de pens\u00e9e ou la pr\u00e9diction de l\u2019avenir. Bien plus qu&rsquo;une exp\u00e9rience surnaturelle, l&rsquo;artiste utilise surtout ses connaissances sur le langage corporel et les techniques de suggestion[&#8230;]<\/p>\n","protected":false},"author":1,"featured_media":658,"parent":0,"menu_order":0,"comment_status":"closed","ping_status":"closed","template":"","meta":{"footnotes":""},"class_list":["post-324","page","type-page","status-publish","has-post-thumbnail","hentry"],"yoast_head":"<!-- This site is optimized with the Yoast SEO plugin v27.5 - https:\/\/yoast.com\/product\/yoast-seo-wordpress\/ -->\n<title>Magicien mentaliste Rennes Phil L&#039;illusionniste Bretagne<\/title>\n<meta name=\"description\" content=\"Magicien \u00e0 Rennes et en Bretagne, Phil l&#039;illusionniste vous propose diff\u00e9rentes prestations : close-up, mentalisme, hypnose, spectacles...\" \/>\n<meta name=\"robots\" content=\"index, follow, max-snippet:-1, max-image-preview:large, max-video-preview:-1\" \/>\n<link rel=\"canonical\" href=\"https:\/\/www.phillusionniste.com\/index.php\/mentalisme\/\" \/>\n<meta property=\"og:locale\" content=\"fr_FR\" \/>\n<meta property=\"og:type\" content=\"article\" \/>\n<meta property=\"og:title\" content=\"Magicien mentaliste Rennes Phil L&#039;illusionniste Bretagne\" \/>\n<meta property=\"og:description\" content=\"Magicien \u00e0 Rennes et en Bretagne, Phil l&#039;illusionniste vous propose diff\u00e9rentes prestations : close-up, mentalisme, hypnose, spectacles...\" \/>\n<meta property=\"og:url\" content=\"https:\/\/www.phillusionniste.com\/index.php\/mentalisme\/\" \/>\n<meta property=\"og:site_name\" content=\"Phil l&#039;illusionniste\" \/>\n<meta property=\"article:modified_time\" content=\"2026-03-13T21:50:02+00:00\" \/>\n<meta property=\"og:image\" content=\"https:\/\/www.phillusionniste.com\/wp-content\/uploads\/2016\/03\/1.1.jpg\" \/>\n\t<meta property=\"og:image:width\" content=\"1662\" \/>\n\t<meta property=\"og:image:height\" content=\"857\" \/>\n\t<meta property=\"og:image:type\" content=\"image\/jpeg\" \/>\n<meta name=\"twitter:card\" content=\"summary_large_image\" \/>\n<meta name=\"twitter:label1\" content=\"Dur\u00e9e de lecture estim\u00e9e\" \/>\n\t<meta name=\"twitter:data1\" content=\"1 minute\" \/>\n<script type=\"application\/ld+json\" class=\"yoast-schema-graph\">{\"@context\":\"https:\\\/\\\/schema.org\",\"@graph\":[{\"@type\":\"WebPage\",\"@id\":\"https:\\\/\\\/www.phillusionniste.com\\\/index.php\\\/mentalisme\\\/\",\"url\":\"https:\\\/\\\/www.phillusionniste.com\\\/index.php\\\/mentalisme\\\/\",\"name\":\"Magicien mentaliste Rennes Phil L'illusionniste Bretagne\",\"isPartOf\":{\"@id\":\"https:\\\/\\\/www.phillusionniste.com\\\/#website\"},\"primaryImageOfPage\":{\"@id\":\"https:\\\/\\\/www.phillusionniste.com\\\/index.php\\\/mentalisme\\\/#primaryimage\"},\"image\":{\"@id\":\"https:\\\/\\\/www.phillusionniste.com\\\/index.php\\\/mentalisme\\\/#primaryimage\"},\"thumbnailUrl\":\"https:\\\/\\\/www.phillusionniste.com\\\/wp-content\\\/uploads\\\/2016\\\/03\\\/1.1.jpg\",\"datePublished\":\"2016-03-05T10:23:55+00:00\",\"dateModified\":\"2026-03-13T21:50:02+00:00\",\"description\":\"Magicien \u00e0 Rennes et en Bretagne, Phil l'illusionniste vous propose diff\u00e9rentes prestations : close-up, mentalisme, hypnose, spectacles...\",\"breadcrumb\":{\"@id\":\"https:\\\/\\\/www.phillusionniste.com\\\/index.php\\\/mentalisme\\\/#breadcrumb\"},\"inLanguage\":\"fr-FR\",\"potentialAction\":[{\"@type\":\"ReadAction\",\"target\":[\"https:\\\/\\\/www.phillusionniste.com\\\/index.php\\\/mentalisme\\\/\"]}]},{\"@type\":\"ImageObject\",\"inLanguage\":\"fr-FR\",\"@id\":\"https:\\\/\\\/www.phillusionniste.com\\\/index.php\\\/mentalisme\\\/#primaryimage\",\"url\":\"https:\\\/\\\/www.phillusionniste.com\\\/wp-content\\\/uploads\\\/2016\\\/03\\\/1.1.jpg\",\"contentUrl\":\"https:\\\/\\\/www.phillusionniste.com\\\/wp-content\\\/uploads\\\/2016\\\/03\\\/1.1.jpg\",\"width\":1662,\"height\":857},{\"@type\":\"BreadcrumbList\",\"@id\":\"https:\\\/\\\/www.phillusionniste.com\\\/index.php\\\/mentalisme\\\/#breadcrumb\",\"itemListElement\":[{\"@type\":\"ListItem\",\"position\":1,\"name\":\"Accueil\",\"item\":\"https:\\\/\\\/www.phillusionniste.com\\\/\"},{\"@type\":\"ListItem\",\"position\":2,\"name\":\"Mentalisme\"}]},{\"@type\":\"WebSite\",\"@id\":\"https:\\\/\\\/www.phillusionniste.com\\\/#website\",\"url\":\"https:\\\/\\\/www.phillusionniste.com\\\/\",\"name\":\"Phil l&#039;illusionniste\",\"description\":\"L\u2019illusion au service de l\u2019\u00e9motion\",\"potentialAction\":[{\"@type\":\"SearchAction\",\"target\":{\"@type\":\"EntryPoint\",\"urlTemplate\":\"https:\\\/\\\/www.phillusionniste.com\\\/?s={search_term_string}\"},\"query-input\":{\"@type\":\"PropertyValueSpecification\",\"valueRequired\":true,\"valueName\":\"search_term_string\"}}],\"inLanguage\":\"fr-FR\"}]}<\/script>\n<!-- \/ Yoast SEO plugin. -->","yoast_head_json":{"title":"Magicien mentaliste Rennes Phil L'illusionniste Bretagne","description":"Magicien \u00e0 Rennes et en Bretagne, Phil l'illusionniste vous propose diff\u00e9rentes prestations : close-up, mentalisme, hypnose, spectacles...","robots":{"index":"index","follow":"follow","max-snippet":"max-snippet:-1","max-image-preview":"max-image-preview:large","max-video-preview":"max-video-preview:-1"},"canonical":"https:\/\/www.phillusionniste.com\/index.php\/mentalisme\/","og_locale":"fr_FR","og_type":"article","og_title":"Magicien mentaliste Rennes Phil L'illusionniste Bretagne","og_description":"Magicien \u00e0 Rennes et en Bretagne, Phil l'illusionniste vous propose diff\u00e9rentes prestations : close-up, mentalisme, hypnose, spectacles...","og_url":"https:\/\/www.phillusionniste.com\/index.php\/mentalisme\/","og_site_name":"Phil l&#039;illusionniste","article_modified_time":"2026-03-13T21:50:02+00:00","og_image":[{"width":1662,"height":857,"url":"https:\/\/www.phillusionniste.com\/wp-content\/uploads\/2016\/03\/1.1.jpg","type":"image\/jpeg"}],"twitter_card":"summary_large_image","twitter_misc":{"Dur\u00e9e de lecture estim\u00e9e":"1 minute"},"schema":{"@context":"https:\/\/schema.org","@graph":[{"@type":"WebPage","@id":"https:\/\/www.phillusionniste.com\/index.php\/mentalisme\/","url":"https:\/\/www.phillusionniste.com\/index.php\/mentalisme\/","name":"Magicien mentaliste Rennes Phil L'illusionniste Bretagne","isPartOf":{"@id":"https:\/\/www.phillusionniste.com\/#website"},"primaryImageOfPage":{"@id":"https:\/\/www.phillusionniste.com\/index.php\/mentalisme\/#primaryimage"},"image":{"@id":"https:\/\/www.phillusionniste.com\/index.php\/mentalisme\/#primaryimage"},"thumbnailUrl":"https:\/\/www.phillusionniste.com\/wp-content\/uploads\/2016\/03\/1.1.jpg","datePublished":"2016-03-05T10:23:55+00:00","dateModified":"2026-03-13T21:50:02+00:00","description":"Magicien \u00e0 Rennes et en Bretagne, Phil l'illusionniste vous propose diff\u00e9rentes prestations : close-up, mentalisme, hypnose, spectacles...","breadcrumb":{"@id":"https:\/\/www.phillusionniste.com\/index.php\/mentalisme\/#breadcrumb"},"inLanguage":"fr-FR","potentialAction":[{"@type":"ReadAction","target":["https:\/\/www.phillusionniste.com\/index.php\/mentalisme\/"]}]},{"@type":"ImageObject","inLanguage":"fr-FR","@id":"https:\/\/www.phillusionniste.com\/index.php\/mentalisme\/#primaryimage","url":"https:\/\/www.phillusionniste.com\/wp-content\/uploads\/2016\/03\/1.1.jpg","contentUrl":"https:\/\/www.phillusionniste.com\/wp-content\/uploads\/2016\/03\/1.1.jpg","width":1662,"height":857},{"@type":"BreadcrumbList","@id":"https:\/\/www.phillusionniste.com\/index.php\/mentalisme\/#breadcrumb","itemListElement":[{"@type":"ListItem","position":1,"name":"Accueil","item":"https:\/\/www.phillusionniste.com\/"},{"@type":"ListItem","position":2,"name":"Mentalisme"}]},{"@type":"WebSite","@id":"https:\/\/www.phillusionniste.com\/#website","url":"https:\/\/www.phillusionniste.com\/","name":"Phil l&#039;illusionniste","description":"L\u2019illusion au service de l\u2019\u00e9motion","potentialAction":[{"@type":"SearchAction","target":{"@type":"EntryPoint","urlTemplate":"https:\/\/www.phillusionniste.com\/?s={search_term_string}"},"query-input":{"@type":"PropertyValueSpecification","valueRequired":true,"valueName":"search_term_string"}}],"inLanguage":"fr-FR"}]}},"_links":{"self":[{"href":"https:\/\/www.phillusionniste.com\/index.php\/wp-json\/wp\/v2\/pages\/324","targetHints":{"allow":["GET"]}}],"collection":[{"href":"https:\/\/www.phillusionniste.com\/index.php\/wp-json\/wp\/v2\/pages"}],"about":[{"href":"https:\/\/www.phillusionniste.com\/index.php\/wp-json\/wp\/v2\/types\/page"}],"author":[{"embeddable":true,"href":"https:\/\/www.phillusionniste.com\/index.php\/wp-json\/wp\/v2\/users\/1"}],"replies":[{"embeddable":true,"href":"https:\/\/www.phillusionniste.com\/index.php\/wp-json\/wp\/v2\/comments?post=324"}],"version-history":[{"count":23,"href":"https:\/\/www.phillusionniste.com\/index.php\/wp-json\/wp\/v2\/pages\/324\/revisions"}],"predecessor-version":[{"id":1127,"href":"https:\/\/www.phillusionniste.com\/index.php\/wp-json\/wp\/v2\/pages\/324\/revisions\/1127"}],"wp:featuredmedia":[{"embeddable":true,"href":"https:\/\/www.phillusionniste.com\/index.php\/wp-json\/wp\/v2\/media\/658"}],"wp:attachment":[{"href":"https:\/\/www.phillusionniste.com\/index.php\/wp-json\/wp\/v2\/media?parent=324"}],"curies":[{"name":"wp","href":"https:\/\/api.w.org\/{rel}","templated":true}]}}