{"id":322,"date":"2016-03-05T11:23:27","date_gmt":"2016-03-05T10:23:27","guid":{"rendered":"http:\/\/lariffoulette.com\/?page_id=322"},"modified":"2026-03-13T22:53:29","modified_gmt":"2026-03-13T21:53:29","slug":"animation-enfants-anniversaire","status":"publish","type":"page","link":"https:\/\/www.phillusionniste.com\/index.php\/animation-enfants-anniversaire\/","title":{"rendered":"Spectacles enfants"},"content":{"rendered":"<p>Phil l&rsquo;illusionniste propose des spectacles de magie pour le bonheur des grands et des petits, que ce soit pour des collectivit\u00e9s, des associations ou des comit\u00e9s d\u2019entreprise. Il est \u00e9galement possible d\u2019intervenir \u00e0 domicile pour c\u00e9l\u00e9brer un anniversaire.<\/p>\n<p>A l\u2019origine de nombreux ateliers d\u2019initiation \u00e0 la magie,&nbsp;le magicien&nbsp;organise \u00e9galement des stages ou des cours. Son exp\u00e9rience, sa p\u00e9dagogie et son sens du contact font de lui une valeur sure pour transmettre sa passion \u00e0 de jeunes profanes motiv\u00e9s.<\/p>\n<p><iframe loading=\"lazy\" title=\"Teaser Animation Anniversaire enfants\" width=\"750\" height=\"422\" src=\"https:\/\/www.youtube.com\/embed\/yNsExg_5FV0?feature=oembed\" frameborder=\"0\" allow=\"accelerometer; autoplay; clipboard-write; encrypted-media; gyroscope; picture-in-picture\" allowfullscreen><\/iframe><\/p>\n<p><iframe loading=\"lazy\" title=\"Extrait de close-up\" width=\"750\" height=\"422\" src=\"https:\/\/www.youtube.com\/embed\/tVoQcf3s_JI?feature=oembed\" frameborder=\"0\" allow=\"accelerometer; autoplay; clipboard-write; encrypted-media; gyroscope; picture-in-picture\" allowfullscreen><\/iframe><\/p>\n","protected":false},"excerpt":{"rendered":"<p>Phil l&rsquo;illusionniste propose des spectacles de magie pour le bonheur des grands et des petits, que ce soit pour des collectivit\u00e9s, des associations ou des comit\u00e9s d\u2019entreprise. Il est \u00e9galement possible d\u2019intervenir \u00e0 domicile pour c\u00e9l\u00e9brer un anniversaire. A l\u2019origine de nombreux ateliers d\u2019initiation \u00e0 la magie,&nbsp;le magicien&nbsp;organise \u00e9galement des[&#8230;]<\/p>\n","protected":false},"author":1,"featured_media":745,"parent":0,"menu_order":0,"comment_status":"closed","ping_status":"closed","template":"","meta":{"footnotes":""},"class_list":["post-322","page","type-page","status-publish","has-post-thumbnail","hentry"],"yoast_head":"<!-- This site is optimized with the Yoast SEO plugin v27.4 - https:\/\/yoast.com\/product\/yoast-seo-wordpress\/ -->\n<title>Spectacle de magie pour enfants Rennes - Phil L&#039;illusionniste -<\/title>\n<meta name=\"description\" content=\"Magicien \u00e0 Rennes et en Bretagne, Phil l&#039;illusionniste vous propose diff\u00e9rentes prestations : close-up, mentalisme, hypnose, spectacles...\" \/>\n<meta name=\"robots\" content=\"index, follow, max-snippet:-1, max-image-preview:large, max-video-preview:-1\" \/>\n<link rel=\"canonical\" href=\"https:\/\/www.phillusionniste.com\/index.php\/animation-enfants-anniversaire\/\" \/>\n<meta property=\"og:locale\" content=\"fr_FR\" \/>\n<meta property=\"og:type\" content=\"article\" \/>\n<meta property=\"og:title\" content=\"Spectacle de magie pour enfants Rennes - Phil L&#039;illusionniste -\" \/>\n<meta property=\"og:description\" content=\"Magicien \u00e0 Rennes et en Bretagne, Phil l&#039;illusionniste vous propose diff\u00e9rentes prestations : close-up, mentalisme, hypnose, spectacles...\" \/>\n<meta property=\"og:url\" content=\"https:\/\/www.phillusionniste.com\/index.php\/animation-enfants-anniversaire\/\" \/>\n<meta property=\"og:site_name\" content=\"Phil l&#039;illusionniste\" \/>\n<meta property=\"article:modified_time\" content=\"2026-03-13T21:53:29+00:00\" \/>\n<meta property=\"og:image\" content=\"https:\/\/www.phillusionniste.com\/wp-content\/uploads\/2016\/03\/4.a-1024x683.jpg\" \/>\n\t<meta property=\"og:image:width\" content=\"1024\" \/>\n\t<meta property=\"og:image:height\" content=\"683\" \/>\n\t<meta property=\"og:image:type\" content=\"image\/jpeg\" \/>\n<meta name=\"twitter:card\" content=\"summary_large_image\" \/>\n<meta name=\"twitter:label1\" content=\"Dur\u00e9e de lecture estim\u00e9e\" \/>\n\t<meta name=\"twitter:data1\" content=\"1 minute\" \/>\n<script type=\"application\/ld+json\" class=\"yoast-schema-graph\">{\"@context\":\"https:\\\/\\\/schema.org\",\"@graph\":[{\"@type\":\"WebPage\",\"@id\":\"https:\\\/\\\/www.phillusionniste.com\\\/index.php\\\/animation-enfants-anniversaire\\\/\",\"url\":\"https:\\\/\\\/www.phillusionniste.com\\\/index.php\\\/animation-enfants-anniversaire\\\/\",\"name\":\"Spectacle de magie pour enfants Rennes - Phil L'illusionniste -\",\"isPartOf\":{\"@id\":\"https:\\\/\\\/www.phillusionniste.com\\\/#website\"},\"primaryImageOfPage\":{\"@id\":\"https:\\\/\\\/www.phillusionniste.com\\\/index.php\\\/animation-enfants-anniversaire\\\/#primaryimage\"},\"image\":{\"@id\":\"https:\\\/\\\/www.phillusionniste.com\\\/index.php\\\/animation-enfants-anniversaire\\\/#primaryimage\"},\"thumbnailUrl\":\"https:\\\/\\\/www.phillusionniste.com\\\/wp-content\\\/uploads\\\/2016\\\/03\\\/4.a.jpg\",\"datePublished\":\"2016-03-05T10:23:27+00:00\",\"dateModified\":\"2026-03-13T21:53:29+00:00\",\"description\":\"Magicien \u00e0 Rennes et en Bretagne, Phil l'illusionniste vous propose diff\u00e9rentes prestations : close-up, mentalisme, hypnose, spectacles...\",\"breadcrumb\":{\"@id\":\"https:\\\/\\\/www.phillusionniste.com\\\/index.php\\\/animation-enfants-anniversaire\\\/#breadcrumb\"},\"inLanguage\":\"fr-FR\",\"potentialAction\":[{\"@type\":\"ReadAction\",\"target\":[\"https:\\\/\\\/www.phillusionniste.com\\\/index.php\\\/animation-enfants-anniversaire\\\/\"]}]},{\"@type\":\"ImageObject\",\"inLanguage\":\"fr-FR\",\"@id\":\"https:\\\/\\\/www.phillusionniste.com\\\/index.php\\\/animation-enfants-anniversaire\\\/#primaryimage\",\"url\":\"https:\\\/\\\/www.phillusionniste.com\\\/wp-content\\\/uploads\\\/2016\\\/03\\\/4.a.jpg\",\"contentUrl\":\"https:\\\/\\\/www.phillusionniste.com\\\/wp-content\\\/uploads\\\/2016\\\/03\\\/4.a.jpg\",\"width\":3456,\"height\":2304},{\"@type\":\"BreadcrumbList\",\"@id\":\"https:\\\/\\\/www.phillusionniste.com\\\/index.php\\\/animation-enfants-anniversaire\\\/#breadcrumb\",\"itemListElement\":[{\"@type\":\"ListItem\",\"position\":1,\"name\":\"Accueil\",\"item\":\"https:\\\/\\\/www.phillusionniste.com\\\/\"},{\"@type\":\"ListItem\",\"position\":2,\"name\":\"Spectacles enfants\"}]},{\"@type\":\"WebSite\",\"@id\":\"https:\\\/\\\/www.phillusionniste.com\\\/#website\",\"url\":\"https:\\\/\\\/www.phillusionniste.com\\\/\",\"name\":\"Phil l&#039;illusionniste\",\"description\":\"L\u2019illusion au service de l\u2019\u00e9motion\",\"potentialAction\":[{\"@type\":\"SearchAction\",\"target\":{\"@type\":\"EntryPoint\",\"urlTemplate\":\"https:\\\/\\\/www.phillusionniste.com\\\/?s={search_term_string}\"},\"query-input\":{\"@type\":\"PropertyValueSpecification\",\"valueRequired\":true,\"valueName\":\"search_term_string\"}}],\"inLanguage\":\"fr-FR\"}]}<\/script>\n<!-- \/ Yoast SEO plugin. -->","yoast_head_json":{"title":"Spectacle de magie pour enfants Rennes - Phil L'illusionniste -","description":"Magicien \u00e0 Rennes et en Bretagne, Phil l'illusionniste vous propose diff\u00e9rentes prestations : close-up, mentalisme, hypnose, spectacles...","robots":{"index":"index","follow":"follow","max-snippet":"max-snippet:-1","max-image-preview":"max-image-preview:large","max-video-preview":"max-video-preview:-1"},"canonical":"https:\/\/www.phillusionniste.com\/index.php\/animation-enfants-anniversaire\/","og_locale":"fr_FR","og_type":"article","og_title":"Spectacle de magie pour enfants Rennes - Phil L'illusionniste -","og_description":"Magicien \u00e0 Rennes et en Bretagne, Phil l'illusionniste vous propose diff\u00e9rentes prestations : close-up, mentalisme, hypnose, spectacles...","og_url":"https:\/\/www.phillusionniste.com\/index.php\/animation-enfants-anniversaire\/","og_site_name":"Phil l&#039;illusionniste","article_modified_time":"2026-03-13T21:53:29+00:00","og_image":[{"width":1024,"height":683,"url":"https:\/\/www.phillusionniste.com\/wp-content\/uploads\/2016\/03\/4.a-1024x683.jpg","type":"image\/jpeg"}],"twitter_card":"summary_large_image","twitter_misc":{"Dur\u00e9e de lecture estim\u00e9e":"1 minute"},"schema":{"@context":"https:\/\/schema.org","@graph":[{"@type":"WebPage","@id":"https:\/\/www.phillusionniste.com\/index.php\/animation-enfants-anniversaire\/","url":"https:\/\/www.phillusionniste.com\/index.php\/animation-enfants-anniversaire\/","name":"Spectacle de magie pour enfants Rennes - Phil L'illusionniste -","isPartOf":{"@id":"https:\/\/www.phillusionniste.com\/#website"},"primaryImageOfPage":{"@id":"https:\/\/www.phillusionniste.com\/index.php\/animation-enfants-anniversaire\/#primaryimage"},"image":{"@id":"https:\/\/www.phillusionniste.com\/index.php\/animation-enfants-anniversaire\/#primaryimage"},"thumbnailUrl":"https:\/\/www.phillusionniste.com\/wp-content\/uploads\/2016\/03\/4.a.jpg","datePublished":"2016-03-05T10:23:27+00:00","dateModified":"2026-03-13T21:53:29+00:00","description":"Magicien \u00e0 Rennes et en Bretagne, Phil l'illusionniste vous propose diff\u00e9rentes prestations : close-up, mentalisme, hypnose, spectacles...","breadcrumb":{"@id":"https:\/\/www.phillusionniste.com\/index.php\/animation-enfants-anniversaire\/#breadcrumb"},"inLanguage":"fr-FR","potentialAction":[{"@type":"ReadAction","target":["https:\/\/www.phillusionniste.com\/index.php\/animation-enfants-anniversaire\/"]}]},{"@type":"ImageObject","inLanguage":"fr-FR","@id":"https:\/\/www.phillusionniste.com\/index.php\/animation-enfants-anniversaire\/#primaryimage","url":"https:\/\/www.phillusionniste.com\/wp-content\/uploads\/2016\/03\/4.a.jpg","contentUrl":"https:\/\/www.phillusionniste.com\/wp-content\/uploads\/2016\/03\/4.a.jpg","width":3456,"height":2304},{"@type":"BreadcrumbList","@id":"https:\/\/www.phillusionniste.com\/index.php\/animation-enfants-anniversaire\/#breadcrumb","itemListElement":[{"@type":"ListItem","position":1,"name":"Accueil","item":"https:\/\/www.phillusionniste.com\/"},{"@type":"ListItem","position":2,"name":"Spectacles enfants"}]},{"@type":"WebSite","@id":"https:\/\/www.phillusionniste.com\/#website","url":"https:\/\/www.phillusionniste.com\/","name":"Phil l&#039;illusionniste","description":"L\u2019illusion au service de l\u2019\u00e9motion","potentialAction":[{"@type":"SearchAction","target":{"@type":"EntryPoint","urlTemplate":"https:\/\/www.phillusionniste.com\/?s={search_term_string}"},"query-input":{"@type":"PropertyValueSpecification","valueRequired":true,"valueName":"search_term_string"}}],"inLanguage":"fr-FR"}]}},"_links":{"self":[{"href":"https:\/\/www.phillusionniste.com\/index.php\/wp-json\/wp\/v2\/pages\/322","targetHints":{"allow":["GET"]}}],"collection":[{"href":"https:\/\/www.phillusionniste.com\/index.php\/wp-json\/wp\/v2\/pages"}],"about":[{"href":"https:\/\/www.phillusionniste.com\/index.php\/wp-json\/wp\/v2\/types\/page"}],"author":[{"embeddable":true,"href":"https:\/\/www.phillusionniste.com\/index.php\/wp-json\/wp\/v2\/users\/1"}],"replies":[{"embeddable":true,"href":"https:\/\/www.phillusionniste.com\/index.php\/wp-json\/wp\/v2\/comments?post=322"}],"version-history":[{"count":21,"href":"https:\/\/www.phillusionniste.com\/index.php\/wp-json\/wp\/v2\/pages\/322\/revisions"}],"predecessor-version":[{"id":1053,"href":"https:\/\/www.phillusionniste.com\/index.php\/wp-json\/wp\/v2\/pages\/322\/revisions\/1053"}],"wp:featuredmedia":[{"embeddable":true,"href":"https:\/\/www.phillusionniste.com\/index.php\/wp-json\/wp\/v2\/media\/745"}],"wp:attachment":[{"href":"https:\/\/www.phillusionniste.com\/index.php\/wp-json\/wp\/v2\/media?parent=322"}],"curies":[{"name":"wp","href":"https:\/\/api.w.org\/{rel}","templated":true}]}}