{"id":114,"date":"2014-07-25T19:07:14","date_gmt":"2014-07-25T19:07:14","guid":{"rendered":"http:\/\/www.cssigniter.com\/preview\/philoxenia\/?page_id=114"},"modified":"2026-03-13T22:55:10","modified_gmt":"2026-03-13T21:55:10","slug":"mariage","status":"publish","type":"page","link":"https:\/\/www.phillusionniste.com\/index.php\/mariage\/","title":{"rendered":"Animations mariage"},"content":{"rendered":"<p>Quelle journ\u00e9e peut \u00eatre plus magique que celle de votre mariage\u00a0?<\/p>\n<p>Ambiance <a href=\"http:\/\/www.phillusionniste.com\/index.php\/piano-bar\/\">piano-bar<\/a> pendant le vin d\u2019honneur, l&rsquo;artiste pr\u00e9sentera un r\u00e9cital de jazz, de blues, de vari\u00e9t\u00e9s fran\u00e7aises et internationales pour cr\u00e9er une atmosph\u00e8re chaleureuse et originale.<\/p>\n<p>Le magicien proposera ensuite une animation <a href=\"http:\/\/www.phillusionniste.com\/index.php\/close-up\/\">close-up<\/a> de table en table pour divertir, selon vos souhaits, vos invit\u00e9s. L\u2019intervention sera dynamique, visuelle et interactive afin de cr\u00e9er une ambiance festive et conviviale.<\/p>\n<p>Enfin, quelques exp\u00e9riences de <a href=\"http:\/\/www.phillusionniste.com\/index.php\/mentalisme\/\">mentalisme<\/a> et\/ou d&rsquo;<a href=\"http:\/\/www.phillusionniste.com\/index.php\/hypnose-rennes-hypnotiseur\/\">hypnose<\/a> ponctueront si vous le d\u00e9sirez votre soir\u00e9e pour rendre cette journ\u00e9e encore plus inoubliable.<\/p>\n<p>Le magicien vous propose une prestation sur mesure, selon vos envies, pour sublimer l\u2019un des plus beaux jours de votre vie. Nous d\u00e9ciderons ensemble de la dur\u00e9e et de la nature des interventions afin de cr\u00e9er l\u2019atmosph\u00e8re qui r\u00e9pondra \u00e0 vos attentes.<\/p>\n<p><iframe loading=\"lazy\" title=\"Teaser Animations Mariage ( piano, magie, mentalisme )\" width=\"750\" height=\"422\" src=\"https:\/\/www.youtube.com\/embed\/p9vgoGjzFMo?feature=oembed\" frameborder=\"0\" allow=\"accelerometer; autoplay; clipboard-write; encrypted-media; gyroscope; picture-in-picture\" allowfullscreen><\/iframe><\/p>\n","protected":false},"excerpt":{"rendered":"<p>Quelle journ\u00e9e peut \u00eatre plus magique que celle de votre mariage\u00a0? Ambiance piano-bar pendant le vin d\u2019honneur, l&rsquo;artiste pr\u00e9sentera un r\u00e9cital de jazz, de blues, de vari\u00e9t\u00e9s fran\u00e7aises et internationales pour cr\u00e9er une atmosph\u00e8re chaleureuse et originale. Le magicien proposera ensuite une animation close-up de table en table pour divertir,[&#8230;]<\/p>\n","protected":false},"author":1,"featured_media":731,"parent":0,"menu_order":0,"comment_status":"open","ping_status":"open","template":"","meta":{"footnotes":""},"class_list":["post-114","page","type-page","status-publish","has-post-thumbnail","hentry"],"yoast_head":"<!-- This site is optimized with the Yoast SEO plugin v27.3 - https:\/\/yoast.com\/product\/yoast-seo-wordpress\/ -->\n<title>Magicien mariage Rennes Phil L&#039;illusionniste Bretagne Ille et Vilaine<\/title>\n<meta name=\"description\" content=\"Magicien et pianiste, Phil l&#039;illusionniste vous propose une prestation sur mesure alliant magie et piano pour sublimer votre mariage.\" \/>\n<meta name=\"robots\" content=\"index, follow, max-snippet:-1, max-image-preview:large, max-video-preview:-1\" \/>\n<link rel=\"canonical\" href=\"https:\/\/www.phillusionniste.com\/index.php\/mariage\/\" \/>\n<meta property=\"og:locale\" content=\"fr_FR\" \/>\n<meta property=\"og:type\" content=\"article\" \/>\n<meta property=\"og:title\" content=\"Magicien mariage Rennes Phil L&#039;illusionniste Bretagne Ille et Vilaine\" \/>\n<meta property=\"og:description\" content=\"Magicien et pianiste, Phil l&#039;illusionniste vous propose une prestation sur mesure alliant magie et piano pour sublimer votre mariage.\" \/>\n<meta property=\"og:url\" content=\"https:\/\/www.phillusionniste.com\/index.php\/mariage\/\" \/>\n<meta property=\"og:site_name\" content=\"Phil l&#039;illusionniste\" \/>\n<meta property=\"article:modified_time\" content=\"2026-03-13T21:55:10+00:00\" \/>\n<meta property=\"og:image\" content=\"https:\/\/www.phillusionniste.com\/wp-content\/uploads\/2014\/07\/735a-1024x684.jpg\" \/>\n\t<meta property=\"og:image:width\" content=\"1024\" \/>\n\t<meta property=\"og:image:height\" content=\"684\" \/>\n\t<meta property=\"og:image:type\" content=\"image\/jpeg\" \/>\n<meta name=\"twitter:card\" content=\"summary_large_image\" \/>\n<meta name=\"twitter:label1\" content=\"Dur\u00e9e de lecture estim\u00e9e\" \/>\n\t<meta name=\"twitter:data1\" content=\"1 minute\" \/>\n<script type=\"application\/ld+json\" class=\"yoast-schema-graph\">{\"@context\":\"https:\\\/\\\/schema.org\",\"@graph\":[{\"@type\":\"WebPage\",\"@id\":\"https:\\\/\\\/www.phillusionniste.com\\\/index.php\\\/mariage\\\/\",\"url\":\"https:\\\/\\\/www.phillusionniste.com\\\/index.php\\\/mariage\\\/\",\"name\":\"Magicien mariage Rennes Phil L'illusionniste Bretagne Ille et Vilaine\",\"isPartOf\":{\"@id\":\"https:\\\/\\\/www.phillusionniste.com\\\/#website\"},\"primaryImageOfPage\":{\"@id\":\"https:\\\/\\\/www.phillusionniste.com\\\/index.php\\\/mariage\\\/#primaryimage\"},\"image\":{\"@id\":\"https:\\\/\\\/www.phillusionniste.com\\\/index.php\\\/mariage\\\/#primaryimage\"},\"thumbnailUrl\":\"https:\\\/\\\/www.phillusionniste.com\\\/wp-content\\\/uploads\\\/2014\\\/07\\\/735a.jpg\",\"datePublished\":\"2014-07-25T19:07:14+00:00\",\"dateModified\":\"2026-03-13T21:55:10+00:00\",\"description\":\"Magicien et pianiste, Phil l'illusionniste vous propose une prestation sur mesure alliant magie et piano pour sublimer votre mariage.\",\"breadcrumb\":{\"@id\":\"https:\\\/\\\/www.phillusionniste.com\\\/index.php\\\/mariage\\\/#breadcrumb\"},\"inLanguage\":\"fr-FR\",\"potentialAction\":[{\"@type\":\"ReadAction\",\"target\":[\"https:\\\/\\\/www.phillusionniste.com\\\/index.php\\\/mariage\\\/\"]}]},{\"@type\":\"ImageObject\",\"inLanguage\":\"fr-FR\",\"@id\":\"https:\\\/\\\/www.phillusionniste.com\\\/index.php\\\/mariage\\\/#primaryimage\",\"url\":\"https:\\\/\\\/www.phillusionniste.com\\\/wp-content\\\/uploads\\\/2014\\\/07\\\/735a.jpg\",\"contentUrl\":\"https:\\\/\\\/www.phillusionniste.com\\\/wp-content\\\/uploads\\\/2014\\\/07\\\/735a.jpg\",\"width\":6016,\"height\":4016},{\"@type\":\"BreadcrumbList\",\"@id\":\"https:\\\/\\\/www.phillusionniste.com\\\/index.php\\\/mariage\\\/#breadcrumb\",\"itemListElement\":[{\"@type\":\"ListItem\",\"position\":1,\"name\":\"Accueil\",\"item\":\"https:\\\/\\\/www.phillusionniste.com\\\/\"},{\"@type\":\"ListItem\",\"position\":2,\"name\":\"Animations mariage\"}]},{\"@type\":\"WebSite\",\"@id\":\"https:\\\/\\\/www.phillusionniste.com\\\/#website\",\"url\":\"https:\\\/\\\/www.phillusionniste.com\\\/\",\"name\":\"Phil l&#039;illusionniste\",\"description\":\"L\u2019illusion au service de l\u2019\u00e9motion\",\"potentialAction\":[{\"@type\":\"SearchAction\",\"target\":{\"@type\":\"EntryPoint\",\"urlTemplate\":\"https:\\\/\\\/www.phillusionniste.com\\\/?s={search_term_string}\"},\"query-input\":{\"@type\":\"PropertyValueSpecification\",\"valueRequired\":true,\"valueName\":\"search_term_string\"}}],\"inLanguage\":\"fr-FR\"}]}<\/script>\n<!-- \/ Yoast SEO plugin. -->","yoast_head_json":{"title":"Magicien mariage Rennes Phil L'illusionniste Bretagne Ille et Vilaine","description":"Magicien et pianiste, Phil l'illusionniste vous propose une prestation sur mesure alliant magie et piano pour sublimer votre mariage.","robots":{"index":"index","follow":"follow","max-snippet":"max-snippet:-1","max-image-preview":"max-image-preview:large","max-video-preview":"max-video-preview:-1"},"canonical":"https:\/\/www.phillusionniste.com\/index.php\/mariage\/","og_locale":"fr_FR","og_type":"article","og_title":"Magicien mariage Rennes Phil L'illusionniste Bretagne Ille et Vilaine","og_description":"Magicien et pianiste, Phil l'illusionniste vous propose une prestation sur mesure alliant magie et piano pour sublimer votre mariage.","og_url":"https:\/\/www.phillusionniste.com\/index.php\/mariage\/","og_site_name":"Phil l&#039;illusionniste","article_modified_time":"2026-03-13T21:55:10+00:00","og_image":[{"width":1024,"height":684,"url":"https:\/\/www.phillusionniste.com\/wp-content\/uploads\/2014\/07\/735a-1024x684.jpg","type":"image\/jpeg"}],"twitter_card":"summary_large_image","twitter_misc":{"Dur\u00e9e de lecture estim\u00e9e":"1 minute"},"schema":{"@context":"https:\/\/schema.org","@graph":[{"@type":"WebPage","@id":"https:\/\/www.phillusionniste.com\/index.php\/mariage\/","url":"https:\/\/www.phillusionniste.com\/index.php\/mariage\/","name":"Magicien mariage Rennes Phil L'illusionniste Bretagne Ille et Vilaine","isPartOf":{"@id":"https:\/\/www.phillusionniste.com\/#website"},"primaryImageOfPage":{"@id":"https:\/\/www.phillusionniste.com\/index.php\/mariage\/#primaryimage"},"image":{"@id":"https:\/\/www.phillusionniste.com\/index.php\/mariage\/#primaryimage"},"thumbnailUrl":"https:\/\/www.phillusionniste.com\/wp-content\/uploads\/2014\/07\/735a.jpg","datePublished":"2014-07-25T19:07:14+00:00","dateModified":"2026-03-13T21:55:10+00:00","description":"Magicien et pianiste, Phil l'illusionniste vous propose une prestation sur mesure alliant magie et piano pour sublimer votre mariage.","breadcrumb":{"@id":"https:\/\/www.phillusionniste.com\/index.php\/mariage\/#breadcrumb"},"inLanguage":"fr-FR","potentialAction":[{"@type":"ReadAction","target":["https:\/\/www.phillusionniste.com\/index.php\/mariage\/"]}]},{"@type":"ImageObject","inLanguage":"fr-FR","@id":"https:\/\/www.phillusionniste.com\/index.php\/mariage\/#primaryimage","url":"https:\/\/www.phillusionniste.com\/wp-content\/uploads\/2014\/07\/735a.jpg","contentUrl":"https:\/\/www.phillusionniste.com\/wp-content\/uploads\/2014\/07\/735a.jpg","width":6016,"height":4016},{"@type":"BreadcrumbList","@id":"https:\/\/www.phillusionniste.com\/index.php\/mariage\/#breadcrumb","itemListElement":[{"@type":"ListItem","position":1,"name":"Accueil","item":"https:\/\/www.phillusionniste.com\/"},{"@type":"ListItem","position":2,"name":"Animations mariage"}]},{"@type":"WebSite","@id":"https:\/\/www.phillusionniste.com\/#website","url":"https:\/\/www.phillusionniste.com\/","name":"Phil l&#039;illusionniste","description":"L\u2019illusion au service de l\u2019\u00e9motion","potentialAction":[{"@type":"SearchAction","target":{"@type":"EntryPoint","urlTemplate":"https:\/\/www.phillusionniste.com\/?s={search_term_string}"},"query-input":{"@type":"PropertyValueSpecification","valueRequired":true,"valueName":"search_term_string"}}],"inLanguage":"fr-FR"}]}},"_links":{"self":[{"href":"https:\/\/www.phillusionniste.com\/index.php\/wp-json\/wp\/v2\/pages\/114","targetHints":{"allow":["GET"]}}],"collection":[{"href":"https:\/\/www.phillusionniste.com\/index.php\/wp-json\/wp\/v2\/pages"}],"about":[{"href":"https:\/\/www.phillusionniste.com\/index.php\/wp-json\/wp\/v2\/types\/page"}],"author":[{"embeddable":true,"href":"https:\/\/www.phillusionniste.com\/index.php\/wp-json\/wp\/v2\/users\/1"}],"replies":[{"embeddable":true,"href":"https:\/\/www.phillusionniste.com\/index.php\/wp-json\/wp\/v2\/comments?post=114"}],"version-history":[{"count":27,"href":"https:\/\/www.phillusionniste.com\/index.php\/wp-json\/wp\/v2\/pages\/114\/revisions"}],"predecessor-version":[{"id":1126,"href":"https:\/\/www.phillusionniste.com\/index.php\/wp-json\/wp\/v2\/pages\/114\/revisions\/1126"}],"wp:featuredmedia":[{"embeddable":true,"href":"https:\/\/www.phillusionniste.com\/index.php\/wp-json\/wp\/v2\/media\/731"}],"wp:attachment":[{"href":"https:\/\/www.phillusionniste.com\/index.php\/wp-json\/wp\/v2\/media?parent=114"}],"curies":[{"name":"wp","href":"https:\/\/api.w.org\/{rel}","templated":true}]}}